{"id":3470,"date":"2019-10-08T15:39:16","date_gmt":"2019-10-08T13:39:16","guid":{"rendered":"https:\/\/www.notarialuisprados.com\/testamentos-y-herencias\/"},"modified":"2023-05-31T18:10:10","modified_gmt":"2023-05-31T16:10:10","slug":"wills-and-inheritances","status":"publish","type":"page","link":"https:\/\/www.notarialuisprados.com\/en\/testamentos-y-herencias\/","title":{"rendered":"Wills and inheritances"},"content":{"rendered":"<p><\/p>\n<h2><span style=\"color: #000000;\"><strong><span style=\"color: #0000ff;\"><b>Wills before a Notary<\/b>:<\/span><\/strong><\/span><\/h2>\n<p>Through the drafting of the testament we express our last wishes before a notary, indicating who and in what proportion will be, after our death, our heirs.<\/p>\n<p>He <b>notarial open will<\/b>, will record the last will before a notary, who will guarantee compliance with all legal formalities and will keep said testament under the strictest confidentiality while the testator is still alive.<\/p>\n<p>To make a <b>testament before a notary public<\/b>, it will be enough that we have the National Identity document and clear ideas, although depending on the complexity of the will, it may be convenient to have the deeds of the assets or some additional information.<\/p>\n<p>With this, the Notary will proceed to draw up the will in writing and generally, without having to make an inventory of all the properties, since it will be after death when those named in the will must proceed to their distribution.<\/p>\n<h2><span style=\"color: #000000;\"><strong><span style=\"color: #0000ff;\"><b>inheritance<\/b>:<\/span><\/strong><\/span><\/h2>\n<p>Once a person dies through <strong>record of last wishes<\/strong>, it is possible to know if he had made a will or not, and who are his heirs, that there always is. <b> <\/b><\/p>\n<p>The heirs must proceed to distribute the assets, respecting the last will of the testator and pay the taxes corresponding to the succession, which in the case of the\u00a0<span style=\"color: #000000;\"> Comunidad de Madrid, is one of the lowest in the country, being widely subsidized between spouses, ascendants and descendants.\u00a0 <\/span><\/p>","protected":false},"excerpt":{"rendered":"<p>Testamentos ante Notario: Mediante la redacci\u00f3n del testamento expresamos nuestras \u00faltimas voluntades ante\u00a0 notario, indicando quienes y en qu\u00e9 proporci\u00f3n ser\u00e1n, tras nuestro fallecimiento,\u00a0nuestros herederos. El testamento abierto notarial, har\u00e1 constar la \u00faltima voluntad\u00a0 ante notario, qui\u00e9n garantizar\u00e1 el cumplimiento de todas las formalidades legales y conservar\u00e1 dicho testamento bajo [&hellip;]<\/p>\n","protected":false},"author":3,"featured_media":0,"parent":0,"menu_order":3,"comment_status":"closed","ping_status":"closed","template":"","meta":{"site-sidebar-layout":"default","site-content-layout":"default","ast-site-content-layout":"default","site-content-style":"default","site-sidebar-style":"default","ast-global-header-display":"","ast-banner-title-visibility":"","ast-main-header-display":"","ast-hfb-above-header-display":"","ast-hfb-below-header-display":"","ast-hfb-mobile-header-display":"","site-post-title":"","ast-breadcrumbs-content":"","ast-featured-img":"","footer-sml-layout":"","ast-disable-related-posts":"","theme-transparent-header-meta":"default","adv-header-id-meta":"","stick-header-meta":"default","header-above-stick-meta":"","header-main-stick-meta":"","header-below-stick-meta":"","astra-migrate-meta-layouts":"default","ast-page-background-enabled":"default","ast-page-background-meta":{"desktop":{"background-color":"","background-image":"","background-repeat":"repeat","background-position":"center center","background-size":"auto","background-attachment":"scroll","background-type":"","background-media":"","overlay-type":"","overlay-color":"","overlay-opacity":"","overlay-gradient":""},"tablet":{"background-color":"","background-image":"","background-repeat":"repeat","background-position":"center center","background-size":"auto","background-attachment":"scroll","background-type":"","background-media":"","overlay-type":"","overlay-color":"","overlay-opacity":"","overlay-gradient":""},"mobile":{"background-color":"","background-image":"","background-repeat":"repeat","background-position":"center center","background-size":"auto","background-attachment":"scroll","background-type":"","background-media":"","overlay-type":"","overlay-color":"","overlay-opacity":"","overlay-gradient":""}},"ast-content-background-meta":{"desktop":{"background-color":"var(--ast-global-color-5)","background-image":"","background-repeat":"repeat","background-position":"center center","background-size":"auto","background-attachment":"scroll","background-type":"","background-media":"","overlay-type":"","overlay-color":"","overlay-opacity":"","overlay-gradient":""},"tablet":{"background-color":"var(--ast-global-color-5)","background-image":"","background-repeat":"repeat","background-position":"center center","background-size":"auto","background-attachment":"scroll","background-type":"","background-media":"","overlay-type":"","overlay-color":"","overlay-opacity":"","overlay-gradient":""},"mobile":{"background-color":"var(--ast-global-color-5)","background-image":"","background-repeat":"repeat","background-position":"center center","background-size":"auto","background-attachment":"scroll","background-type":"","background-media":"","overlay-type":"","overlay-color":"","overlay-opacity":"","overlay-gradient":""}},"jetpack_post_was_ever_published":false,"footnotes":""},"class_list":["post-3470","page","type-page","status-publish","hentry"],"_links":{"self":[{"href":"https:\/\/www.notarialuisprados.com\/en\/wp-json\/wp\/v2\/pages\/3470","targetHints":{"allow":["GET"]}}],"collection":[{"href":"https:\/\/www.notarialuisprados.com\/en\/wp-json\/wp\/v2\/pages"}],"about":[{"href":"https:\/\/www.notarialuisprados.com\/en\/wp-json\/wp\/v2\/types\/page"}],"author":[{"embeddable":true,"href":"https:\/\/www.notarialuisprados.com\/en\/wp-json\/wp\/v2\/users\/3"}],"replies":[{"embeddable":true,"href":"https:\/\/www.notarialuisprados.com\/en\/wp-json\/wp\/v2\/comments?post=3470"}],"version-history":[{"count":1,"href":"https:\/\/www.notarialuisprados.com\/en\/wp-json\/wp\/v2\/pages\/3470\/revisions"}],"predecessor-version":[{"id":16847,"href":"https:\/\/www.notarialuisprados.com\/en\/wp-json\/wp\/v2\/pages\/3470\/revisions\/16847"}],"wp:attachment":[{"href":"https:\/\/www.notarialuisprados.com\/en\/wp-json\/wp\/v2\/media?parent=3470"}],"curies":[{"name":"wp","href":"https:\/\/api.w.org\/{rel}","templated":true}]}}