{"id":3476,"date":"2019-10-08T16:11:36","date_gmt":"2019-10-08T14:11:36","guid":{"rendered":"https:\/\/www.notarialuisprados.com\/operaciones-societarias\/"},"modified":"2023-05-31T17:59:19","modified_gmt":"2023-05-31T15:59:19","slug":"corporate-operations","status":"publish","type":"page","link":"https:\/\/www.notarialuisprados.com\/en\/operaciones-societarias\/","title":{"rendered":"Corporate Operations"},"content":{"rendered":"<h2><\/h2>\n<h2><span style=\"color: #000000;\"><strong><span style=\"color: #0000ff;\"><b>Constitution of societies<\/b>:<\/span><\/strong><\/span><\/h2>\n<p>When setting up a company, we must provide before a Notary Public the object that will constitute the main activity of the company, the address of the company, its capital, as well as the number of partners that will form part of it and the number of shares \/ shares corresponding to each of the members.<\/p>\n<p>The statutes may have been drawn up by the partners or they may be drawn up in the same notary, where they will be informed of all the existing and necessary legal requirements for the <b>constitution of a company.<\/b><\/p>\n<h2><\/h2>\n<h2><span style=\"color: #000000;\"><strong><span style=\"color: #0000ff;\"><b>structural modifications<\/b>:<\/span><\/strong><\/span><\/h2>\n<p>In corporate terms, we understand how <b>structural modifications<\/b> those that affect the organization and operation of a <b>commercial society, <\/b>in terms of economic significance or its organizational change, finding said modifications regulated by the <b>Law of Structural Modifications of Mercantile Companies.\u00a0\u00a0<\/b><\/p>\n<p>At our <b>Notary in Madrid<\/b>, it may also carry out increases and reductions in share capital, transfer of shares \/ participations, changes of company name, changes of registered office, dissolution and liquidation of companies, mergers, transformations, etc.<\/p>","protected":false},"excerpt":{"rendered":"<p>Constituci\u00f3n de Sociedades: A la hora de constituir una sociedad deberemos aportar ante Notario el objeto que va a constituir la actividad principal de la misma, el domicilio de la sociedad, su capital, as\u00ed como el n\u00famero de socios que formar\u00e1n parte de ella y el n\u00famero de acciones \/ [&hellip;]<\/p>\n","protected":false},"author":3,"featured_media":0,"parent":0,"menu_order":4,"comment_status":"closed","ping_status":"closed","template":"","meta":{"site-sidebar-layout":"default","site-content-layout":"default","ast-site-content-layout":"default","site-content-style":"default","site-sidebar-style":"default","ast-global-header-display":"","ast-banner-title-visibility":"","ast-main-header-display":"","ast-hfb-above-header-display":"","ast-hfb-below-header-display":"","ast-hfb-mobile-header-display":"","site-post-title":"","ast-breadcrumbs-content":"","ast-featured-img":"","footer-sml-layout":"","ast-disable-related-posts":"","theme-transparent-header-meta":"default","adv-header-id-meta":"","stick-header-meta":"default","header-above-stick-meta":"","header-main-stick-meta":"","header-below-stick-meta":"","astra-migrate-meta-layouts":"default","ast-page-background-enabled":"default","ast-page-background-meta":{"desktop":{"background-color":"","background-image":"","background-repeat":"repeat","background-position":"center center","background-size":"auto","background-attachment":"scroll","background-type":"","background-media":"","overlay-type":"","overlay-color":"","overlay-opacity":"","overlay-gradient":""},"tablet":{"background-color":"","background-image":"","background-repeat":"repeat","background-position":"center center","background-size":"auto","background-attachment":"scroll","background-type":"","background-media":"","overlay-type":"","overlay-color":"","overlay-opacity":"","overlay-gradient":""},"mobile":{"background-color":"","background-image":"","background-repeat":"repeat","background-position":"center center","background-size":"auto","background-attachment":"scroll","background-type":"","background-media":"","overlay-type":"","overlay-color":"","overlay-opacity":"","overlay-gradient":""}},"ast-content-background-meta":{"desktop":{"background-color":"var(--ast-global-color-5)","background-image":"","background-repeat":"repeat","background-position":"center center","background-size":"auto","background-attachment":"scroll","background-type":"","background-media":"","overlay-type":"","overlay-color":"","overlay-opacity":"","overlay-gradient":""},"tablet":{"background-color":"var(--ast-global-color-5)","background-image":"","background-repeat":"repeat","background-position":"center center","background-size":"auto","background-attachment":"scroll","background-type":"","background-media":"","overlay-type":"","overlay-color":"","overlay-opacity":"","overlay-gradient":""},"mobile":{"background-color":"var(--ast-global-color-5)","background-image":"","background-repeat":"repeat","background-position":"center center","background-size":"auto","background-attachment":"scroll","background-type":"","background-media":"","overlay-type":"","overlay-color":"","overlay-opacity":"","overlay-gradient":""}},"jetpack_post_was_ever_published":false,"footnotes":""},"class_list":["post-3476","page","type-page","status-publish","hentry"],"_links":{"self":[{"href":"https:\/\/www.notarialuisprados.com\/en\/wp-json\/wp\/v2\/pages\/3476","targetHints":{"allow":["GET"]}}],"collection":[{"href":"https:\/\/www.notarialuisprados.com\/en\/wp-json\/wp\/v2\/pages"}],"about":[{"href":"https:\/\/www.notarialuisprados.com\/en\/wp-json\/wp\/v2\/types\/page"}],"author":[{"embeddable":true,"href":"https:\/\/www.notarialuisprados.com\/en\/wp-json\/wp\/v2\/users\/3"}],"replies":[{"embeddable":true,"href":"https:\/\/www.notarialuisprados.com\/en\/wp-json\/wp\/v2\/comments?post=3476"}],"version-history":[{"count":1,"href":"https:\/\/www.notarialuisprados.com\/en\/wp-json\/wp\/v2\/pages\/3476\/revisions"}],"predecessor-version":[{"id":16848,"href":"https:\/\/www.notarialuisprados.com\/en\/wp-json\/wp\/v2\/pages\/3476\/revisions\/16848"}],"wp:attachment":[{"href":"https:\/\/www.notarialuisprados.com\/en\/wp-json\/wp\/v2\/media?parent=3476"}],"curies":[{"name":"wp","href":"https:\/\/api.w.org\/{rel}","templated":true}]}}