{"id":3478,"date":"2019-10-08T16:13:10","date_gmt":"2019-10-08T14:13:10","guid":{"rendered":"https:\/\/www.notarialuisprados.com\/compraventa-de-hipotecas\/"},"modified":"2023-05-31T18:00:47","modified_gmt":"2023-05-31T16:00:47","slug":"sale-of-mortgages","status":"publish","type":"page","link":"https:\/\/www.notarialuisprados.com\/en\/compraventa-de-hipotecas\/","title":{"rendered":"Purchase and sale of mortgages"},"content":{"rendered":"<h2><\/h2>\n<p>from our <b>Notary in Madrid<\/b>, we advise you on the different procedures, prior and subsequent, that you will need to comply with when buying or selling a home with the greatest legal certainty. The Notary is not limited to attesting, he will also provide you with legal certainty by carrying out all the necessary verifications:<\/p>\n<p>&nbsp;<\/p>\n<ul>\n<li>Identity, capacity and legitimations of the buyer \/ seller<\/li>\n<li>Seller&#039;s Title<\/li>\n<li>Vendor&#039;s habitual residence<\/li>\n<li>Assumption of official protection housing<\/li>\n<li>lease status<\/li>\n<li>cadastral data<\/li>\n<li>Payment of community fees<\/li>\n<li>Certificate of occupancy<\/li>\n<li>Energy Efficiency Certificate<\/li>\n<li>Payment methods<\/li>\n<li>Fiscal obligations<\/li>\n<li>Etc.<\/li>\n<\/ul>\n<p>Once the sale has been made, the &quot;Management of the document&quot; and its subsequent procedures, payment of taxes, registration in the Property Registry, etc. will have to be carried out.<\/p>\n<p>&nbsp;<\/p>","protected":false},"excerpt":{"rendered":"<p>Desde nuestra Notar\u00eda en Madrid, le asesoramos sobre los distintos tr\u00e1mites, previos y posteriores, que necesitar\u00e1 cumplir a la hora de poder adquirir o vender una vivienda con la mayor seguridad jur\u00eddica. El Notario no se limita a dar fe, tambi\u00e9n le proporcionar\u00e1 seguridad jur\u00eddica realizando todas las comprobaciones necesarias: [&hellip;]<\/p>\n","protected":false},"author":3,"featured_media":0,"parent":0,"menu_order":7,"comment_status":"closed","ping_status":"closed","template":"","meta":{"site-sidebar-layout":"default","site-content-layout":"default","ast-site-content-layout":"default","site-content-style":"default","site-sidebar-style":"default","ast-global-header-display":"","ast-banner-title-visibility":"","ast-main-header-display":"","ast-hfb-above-header-display":"","ast-hfb-below-header-display":"","ast-hfb-mobile-header-display":"","site-post-title":"","ast-breadcrumbs-content":"","ast-featured-img":"","footer-sml-layout":"","ast-disable-related-posts":"","theme-transparent-header-meta":"default","adv-header-id-meta":"","stick-header-meta":"default","header-above-stick-meta":"","header-main-stick-meta":"","header-below-stick-meta":"","astra-migrate-meta-layouts":"default","ast-page-background-enabled":"default","ast-page-background-meta":{"desktop":{"background-color":"","background-image":"","background-repeat":"repeat","background-position":"center center","background-size":"auto","background-attachment":"scroll","background-type":"","background-media":"","overlay-type":"","overlay-color":"","overlay-opacity":"","overlay-gradient":""},"tablet":{"background-color":"","background-image":"","background-repeat":"repeat","background-position":"center center","background-size":"auto","background-attachment":"scroll","background-type":"","background-media":"","overlay-type":"","overlay-color":"","overlay-opacity":"","overlay-gradient":""},"mobile":{"background-color":"","background-image":"","background-repeat":"repeat","background-position":"center center","background-size":"auto","background-attachment":"scroll","background-type":"","background-media":"","overlay-type":"","overlay-color":"","overlay-opacity":"","overlay-gradient":""}},"ast-content-background-meta":{"desktop":{"background-color":"var(--ast-global-color-5)","background-image":"","background-repeat":"repeat","background-position":"center center","background-size":"auto","background-attachment":"scroll","background-type":"","background-media":"","overlay-type":"","overlay-color":"","overlay-opacity":"","overlay-gradient":""},"tablet":{"background-color":"var(--ast-global-color-5)","background-image":"","background-repeat":"repeat","background-position":"center center","background-size":"auto","background-attachment":"scroll","background-type":"","background-media":"","overlay-type":"","overlay-color":"","overlay-opacity":"","overlay-gradient":""},"mobile":{"background-color":"var(--ast-global-color-5)","background-image":"","background-repeat":"repeat","background-position":"center center","background-size":"auto","background-attachment":"scroll","background-type":"","background-media":"","overlay-type":"","overlay-color":"","overlay-opacity":"","overlay-gradient":""}},"jetpack_post_was_ever_published":false,"footnotes":""},"class_list":["post-3478","page","type-page","status-publish","hentry"],"_links":{"self":[{"href":"https:\/\/www.notarialuisprados.com\/en\/wp-json\/wp\/v2\/pages\/3478","targetHints":{"allow":["GET"]}}],"collection":[{"href":"https:\/\/www.notarialuisprados.com\/en\/wp-json\/wp\/v2\/pages"}],"about":[{"href":"https:\/\/www.notarialuisprados.com\/en\/wp-json\/wp\/v2\/types\/page"}],"author":[{"embeddable":true,"href":"https:\/\/www.notarialuisprados.com\/en\/wp-json\/wp\/v2\/users\/3"}],"replies":[{"embeddable":true,"href":"https:\/\/www.notarialuisprados.com\/en\/wp-json\/wp\/v2\/comments?post=3478"}],"version-history":[{"count":1,"href":"https:\/\/www.notarialuisprados.com\/en\/wp-json\/wp\/v2\/pages\/3478\/revisions"}],"predecessor-version":[{"id":16849,"href":"https:\/\/www.notarialuisprados.com\/en\/wp-json\/wp\/v2\/pages\/3478\/revisions\/16849"}],"wp:attachment":[{"href":"https:\/\/www.notarialuisprados.com\/en\/wp-json\/wp\/v2\/media?parent=3478"}],"curies":[{"name":"wp","href":"https:\/\/api.w.org\/{rel}","templated":true}]}}