{"id":3480,"date":"2019-10-08T16:14:57","date_gmt":"2019-10-08T14:14:57","guid":{"rendered":"https:\/\/www.notarialuisprados.com\/poderes-y-actas\/"},"modified":"2023-05-31T18:02:32","modified_gmt":"2023-05-31T16:02:32","slug":"powers-and-acts","status":"publish","type":"page","link":"https:\/\/www.notarialuisprados.com\/en\/poderes-y-actas\/","title":{"rendered":"Powers and Acts"},"content":{"rendered":"<h2><\/h2>\n<h2><span style=\"color: #000000;\"><strong><span style=\"color: #0000ff;\"><b>Powers of Attorney<\/b>:<\/span><\/strong><\/span><\/h2>\n<p>The <b>Powers of Attorney<\/b> They are public documents authorized by a Notary to allow a company or natural person to designate another as their representative, thus being able to act on their behalf in certain legal acts.<\/p>\n<p>The electronic signature allows to send electronically and immediately, authorized copies of powers between different notaries, without the need to send the authorized copy on paper, which will greatly facilitate the granting of the deed.<\/p>\n<p>Spanish powers of attorney are internationally recognized and allow their legal effectiveness to be recognized among the different signatory countries of the <b>Hague Convention.<\/b><\/p>\n<p>&nbsp;<\/p>\n<h2><span style=\"color: #000000;\"><strong><span style=\"color: #0000ff;\"><b>Notarial Acts<\/b>:<\/span><\/strong><\/span><\/h2>\n<p>Notaries, upon request by a party, can issue and authorize minutes where facts and circumstances are recorded, which are known to them or have been witnessed, and which by their nature are not the subject of a contract.<\/p>\n<p>The <b>notarial acts<\/b> They must be signed by the applicants and initialed by a notary, in the event that one of the applicants could not or did not know how to sign, this must be recorded in the minutes.<\/p>","protected":false},"excerpt":{"rendered":"<p>Poderes Notariales: Los Poderes Notariales son documentos p\u00fablicos autorizados por un Notario para permitir que una empresa o persona f\u00edsica pueda designar a otra como su representante, pudiendo as\u00ed actuar en su nombre en determinados actos jur\u00eddicos. La firma electr\u00f3nica permite remitir telem\u00e1ticamente y con inmediatez, copias autorizadas de poderes [&hellip;]<\/p>\n","protected":false},"author":3,"featured_media":0,"parent":0,"menu_order":8,"comment_status":"closed","ping_status":"closed","template":"","meta":{"site-sidebar-layout":"default","site-content-layout":"default","ast-site-content-layout":"default","site-content-style":"default","site-sidebar-style":"default","ast-global-header-display":"","ast-banner-title-visibility":"","ast-main-header-display":"","ast-hfb-above-header-display":"","ast-hfb-below-header-display":"","ast-hfb-mobile-header-display":"","site-post-title":"","ast-breadcrumbs-content":"","ast-featured-img":"","footer-sml-layout":"","ast-disable-related-posts":"","theme-transparent-header-meta":"default","adv-header-id-meta":"","stick-header-meta":"default","header-above-stick-meta":"","header-main-stick-meta":"","header-below-stick-meta":"","astra-migrate-meta-layouts":"default","ast-page-background-enabled":"default","ast-page-background-meta":{"desktop":{"background-color":"","background-image":"","background-repeat":"repeat","background-position":"center center","background-size":"auto","background-attachment":"scroll","background-type":"","background-media":"","overlay-type":"","overlay-color":"","overlay-opacity":"","overlay-gradient":""},"tablet":{"background-color":"","background-image":"","background-repeat":"repeat","background-position":"center center","background-size":"auto","background-attachment":"scroll","background-type":"","background-media":"","overlay-type":"","overlay-color":"","overlay-opacity":"","overlay-gradient":""},"mobile":{"background-color":"","background-image":"","background-repeat":"repeat","background-position":"center center","background-size":"auto","background-attachment":"scroll","background-type":"","background-media":"","overlay-type":"","overlay-color":"","overlay-opacity":"","overlay-gradient":""}},"ast-content-background-meta":{"desktop":{"background-color":"var(--ast-global-color-5)","background-image":"","background-repeat":"repeat","background-position":"center center","background-size":"auto","background-attachment":"scroll","background-type":"","background-media":"","overlay-type":"","overlay-color":"","overlay-opacity":"","overlay-gradient":""},"tablet":{"background-color":"var(--ast-global-color-5)","background-image":"","background-repeat":"repeat","background-position":"center center","background-size":"auto","background-attachment":"scroll","background-type":"","background-media":"","overlay-type":"","overlay-color":"","overlay-opacity":"","overlay-gradient":""},"mobile":{"background-color":"var(--ast-global-color-5)","background-image":"","background-repeat":"repeat","background-position":"center center","background-size":"auto","background-attachment":"scroll","background-type":"","background-media":"","overlay-type":"","overlay-color":"","overlay-opacity":"","overlay-gradient":""}},"jetpack_post_was_ever_published":false,"footnotes":""},"class_list":["post-3480","page","type-page","status-publish","hentry"],"_links":{"self":[{"href":"https:\/\/www.notarialuisprados.com\/en\/wp-json\/wp\/v2\/pages\/3480","targetHints":{"allow":["GET"]}}],"collection":[{"href":"https:\/\/www.notarialuisprados.com\/en\/wp-json\/wp\/v2\/pages"}],"about":[{"href":"https:\/\/www.notarialuisprados.com\/en\/wp-json\/wp\/v2\/types\/page"}],"author":[{"embeddable":true,"href":"https:\/\/www.notarialuisprados.com\/en\/wp-json\/wp\/v2\/users\/3"}],"replies":[{"embeddable":true,"href":"https:\/\/www.notarialuisprados.com\/en\/wp-json\/wp\/v2\/comments?post=3480"}],"version-history":[{"count":1,"href":"https:\/\/www.notarialuisprados.com\/en\/wp-json\/wp\/v2\/pages\/3480\/revisions"}],"predecessor-version":[{"id":16850,"href":"https:\/\/www.notarialuisprados.com\/en\/wp-json\/wp\/v2\/pages\/3480\/revisions\/16850"}],"wp:attachment":[{"href":"https:\/\/www.notarialuisprados.com\/en\/wp-json\/wp\/v2\/media?parent=3480"}],"curies":[{"name":"wp","href":"https:\/\/api.w.org\/{rel}","templated":true}]}}