{"id":3482,"date":"2019-10-08T16:16:50","date_gmt":"2019-10-08T14:16:50","guid":{"rendered":"https:\/\/www.notarialuisprados.com\/polizas-bancarias\/"},"modified":"2023-05-31T18:06:44","modified_gmt":"2023-05-31T16:06:44","slug":"bank-policies","status":"publish","type":"page","link":"https:\/\/www.notarialuisprados.com\/en\/polizas-bancarias\/","title":{"rendered":"Bank Policies"},"content":{"rendered":"<h2><\/h2>\n<h2><span style=\"color: #000000;\"><strong><span style=\"color: #0000ff;\"><b>Notary Policies<\/b>:<\/span><\/strong><\/span><\/h2>\n<p>A <b>Notary Policy <\/b>It is that document that contains the acts and contracts of a commercial and financial nature typical of the habitual and ordinary traffic of one or more of its participants, through which the notary guarantees the legal certainty and the necessary impartiality in all those acts and contracts that by his content of an economic nature have a clear significance or impact on the daily life of citizens (people \/ companies), ensuring that the validity and compliance of contracts is not left to the discretion of a single contracting party and respect for the current legislation, ensuring and identifying the legitimacy of the signatures and their signatories, going on to guard and preserve the original document in a confidential manner.<\/p>\n<p>In case of breach of obligations by any of the parties, said Notarial policy will expedite the judicial claim process.<\/p>\n<p><b>The Notarial Policy does not have unity of act, being able to sign the same document by the contracting parties at different times and different notaries.<\/b><\/p>\n<p>&nbsp;<\/p>","protected":false},"excerpt":{"rendered":"<p>P\u00f3lizas Notariales: Una Poliza Notarial es aquel documento que contiene los actos y contratos de car\u00e1cter mercantil y financiero propios del tr\u00e1fico habitual y ordinario de uno o m\u00e1s de sus intervinientes, mediante el cual el notario garantiza la seguridad jur\u00eddica y la imparcialidad necesaria en todos aquellos actos y [&hellip;]<\/p>\n","protected":false},"author":3,"featured_media":0,"parent":0,"menu_order":9,"comment_status":"closed","ping_status":"closed","template":"","meta":{"site-sidebar-layout":"default","site-content-layout":"default","ast-site-content-layout":"default","site-content-style":"default","site-sidebar-style":"default","ast-global-header-display":"","ast-banner-title-visibility":"","ast-main-header-display":"","ast-hfb-above-header-display":"","ast-hfb-below-header-display":"","ast-hfb-mobile-header-display":"","site-post-title":"","ast-breadcrumbs-content":"","ast-featured-img":"","footer-sml-layout":"","ast-disable-related-posts":"","theme-transparent-header-meta":"default","adv-header-id-meta":"","stick-header-meta":"default","header-above-stick-meta":"","header-main-stick-meta":"","header-below-stick-meta":"","astra-migrate-meta-layouts":"default","ast-page-background-enabled":"default","ast-page-background-meta":{"desktop":{"background-color":"","background-image":"","background-repeat":"repeat","background-position":"center center","background-size":"auto","background-attachment":"scroll","background-type":"","background-media":"","overlay-type":"","overlay-color":"","overlay-opacity":"","overlay-gradient":""},"tablet":{"background-color":"","background-image":"","background-repeat":"repeat","background-position":"center center","background-size":"auto","background-attachment":"scroll","background-type":"","background-media":"","overlay-type":"","overlay-color":"","overlay-opacity":"","overlay-gradient":""},"mobile":{"background-color":"","background-image":"","background-repeat":"repeat","background-position":"center center","background-size":"auto","background-attachment":"scroll","background-type":"","background-media":"","overlay-type":"","overlay-color":"","overlay-opacity":"","overlay-gradient":""}},"ast-content-background-meta":{"desktop":{"background-color":"var(--ast-global-color-5)","background-image":"","background-repeat":"repeat","background-position":"center center","background-size":"auto","background-attachment":"scroll","background-type":"","background-media":"","overlay-type":"","overlay-color":"","overlay-opacity":"","overlay-gradient":""},"tablet":{"background-color":"var(--ast-global-color-5)","background-image":"","background-repeat":"repeat","background-position":"center center","background-size":"auto","background-attachment":"scroll","background-type":"","background-media":"","overlay-type":"","overlay-color":"","overlay-opacity":"","overlay-gradient":""},"mobile":{"background-color":"var(--ast-global-color-5)","background-image":"","background-repeat":"repeat","background-position":"center center","background-size":"auto","background-attachment":"scroll","background-type":"","background-media":"","overlay-type":"","overlay-color":"","overlay-opacity":"","overlay-gradient":""}},"jetpack_post_was_ever_published":false,"footnotes":""},"class_list":["post-3482","page","type-page","status-publish","hentry"],"_links":{"self":[{"href":"https:\/\/www.notarialuisprados.com\/en\/wp-json\/wp\/v2\/pages\/3482","targetHints":{"allow":["GET"]}}],"collection":[{"href":"https:\/\/www.notarialuisprados.com\/en\/wp-json\/wp\/v2\/pages"}],"about":[{"href":"https:\/\/www.notarialuisprados.com\/en\/wp-json\/wp\/v2\/types\/page"}],"author":[{"embeddable":true,"href":"https:\/\/www.notarialuisprados.com\/en\/wp-json\/wp\/v2\/users\/3"}],"replies":[{"embeddable":true,"href":"https:\/\/www.notarialuisprados.com\/en\/wp-json\/wp\/v2\/comments?post=3482"}],"version-history":[{"count":1,"href":"https:\/\/www.notarialuisprados.com\/en\/wp-json\/wp\/v2\/pages\/3482\/revisions"}],"predecessor-version":[{"id":16851,"href":"https:\/\/www.notarialuisprados.com\/en\/wp-json\/wp\/v2\/pages\/3482\/revisions\/16851"}],"wp:attachment":[{"href":"https:\/\/www.notarialuisprados.com\/en\/wp-json\/wp\/v2\/media?parent=3482"}],"curies":[{"name":"wp","href":"https:\/\/api.w.org\/{rel}","templated":true}]}}